{"id":361,"date":"2018-02-20T09:59:35","date_gmt":"2018-02-20T09:59:35","guid":{"rendered":"https:\/\/lamthi.com\/?post_type=product&#038;p=361"},"modified":"2018-06-28T09:58:16","modified_gmt":"2018-06-28T09:58:16","slug":"xhunto","status":"publish","type":"product","link":"https:\/\/lamthi.com\/index.php\/product\/xhunto\/","title":{"rendered":"Rakorderi (Xhunto)"},"content":{"rendered":"","protected":false},"excerpt":{"rendered":"<ul>\n<li>Xhunto me presim<\/li>\n<li>Xhunto me reduksion<\/li>\n<li>Xhunto m\/f me filetim<\/li>\n<\/ul>\n<p>P\u00ebrdorimi: Impiante Hidro-Sanitare p\u00ebr furnizimin me uj\u00eb t\u00eb nxeht\u00eb dhe t\u00eb ftoht\u00eb dhe n\u00eb impiantet e ngrohjes.<\/p>\n<p>Performanca:<\/p>\n<ul>\n<li><sub><span style=\"font-size: 16px\">t<\/span>max<\/sub> = +95\u00b0C<\/li>\n<li><sub><span style=\"font-size: 16px\">t<\/span>min<\/sub> = -20\u00b0C<\/li>\n<li>P<sub>max<\/sub> = 10bar<\/li>\n<\/ul>\n<p>Produkt i \u00c7ertifikuar sipas Standartit <strong>ISO 21003-3: 2008<\/strong> (Sistemet e tubacioneve me shum\u00eb shtresa p\u00ebr instalimin e ujit t\u00eb ngroht\u00eb dhe t\u00eb ftoht\u00eb n\u00eb nd\u00ebrtesa)<\/p>\n<p>Marka: <strong>GENERAL FITTINGS<\/strong><\/p>\n<p>Origjina: <strong>ITALI<\/strong><\/p>\n","protected":false},"featured_media":1264,"template":"","meta":[],"product_brand":[],"product_cat":[50],"product_tag":[],"class_list":{"0":"post-361","1":"product","2":"type-product","3":"status-publish","4":"has-post-thumbnail","6":"product_cat-tuba-rak-me-presim","8":"first","9":"instock","10":"shipping-taxable","11":"product-type-simple"},"_links":{"self":[{"href":"https:\/\/lamthi.com\/index.php\/wp-json\/wp\/v2\/product\/361","targetHints":{"allow":["GET"]}}],"collection":[{"href":"https:\/\/lamthi.com\/index.php\/wp-json\/wp\/v2\/product"}],"about":[{"href":"https:\/\/lamthi.com\/index.php\/wp-json\/wp\/v2\/types\/product"}],"wp:featuredmedia":[{"embeddable":true,"href":"https:\/\/lamthi.com\/index.php\/wp-json\/wp\/v2\/media\/1264"}],"wp:attachment":[{"href":"https:\/\/lamthi.com\/index.php\/wp-json\/wp\/v2\/media?parent=361"}],"wp:term":[{"taxonomy":"product_brand","embeddable":true,"href":"https:\/\/lamthi.com\/index.php\/wp-json\/wp\/v2\/product_brand?post=361"},{"taxonomy":"product_cat","embeddable":true,"href":"https:\/\/lamthi.com\/index.php\/wp-json\/wp\/v2\/product_cat?post=361"},{"taxonomy":"product_tag","embeddable":true,"href":"https:\/\/lamthi.com\/index.php\/wp-json\/wp\/v2\/product_tag?post=361"}],"curies":[{"name":"wp","href":"https:\/\/api.w.org\/{rel}","templated":true}]}}