{"id":1283,"date":"2018-06-28T09:43:12","date_gmt":"2018-06-28T09:43:12","guid":{"rendered":"https:\/\/lamthi.com\/?post_type=product&#038;p=1283"},"modified":"2018-06-28T09:57:13","modified_gmt":"2018-06-28T09:57:13","slug":"valvul-me-sfere-inkasso","status":"publish","type":"product","link":"https:\/\/lamthi.com\/index.php\/product\/valvul-me-sfere-inkasso\/","title":{"rendered":"Valvul me sfer\u00eb (Inkasso)"},"content":{"rendered":"","protected":false},"excerpt":{"rendered":"<ul>\n<li>Valvol me sfer\u00eb INKASSO<\/li>\n<li>Set zgjatues\u00a0p\u00ebr valvol me sfer\u00eb Inkasso<\/li>\n<li>Set Rubinet Blu p\u00ebr valvol me sfer\u00eb Inkasso<\/li>\n<li>Set\u00a0Rubinet i Kuq p\u00ebr valvol me sfer\u00eb Inkasso<\/li>\n<\/ul>\n<p>P\u00ebrdorimi: Impiante Hidro-Sanitare p\u00ebr furnizimin me uj\u00eb t\u00eb ngroht\u00eb \/ ftoht\u00eb dhe n\u00eb impiantet e ngrohje \/ ftohjes.<\/p>\n<p>Performanca:<\/p>\n<ul>\n<li><sub>tmax<\/sub> = +95\u00b0C<\/li>\n<li><sub>tmin<\/sub> = -20\u00b0C<\/li>\n<li>P<sub>max<\/sub> = 10bar<\/li>\n<\/ul>\n<p>Produkt i \u00c7ertifikuar sipas Standartit <strong>ISO 21003-3: 2008<\/strong> (Sistemet e tubacioneve me shum\u00eb shtresa p\u00ebr instalimin e ujit t\u00eb ngroht\u00eb dhe t\u00eb ftoht\u00eb n\u00eb nd\u00ebrtesa)<\/p>\n<p>Marka: <strong>GENERAL FITTINGS<\/strong><\/p>\n<p>Origjina: <strong>ITALI<\/strong><\/p>\n","protected":false},"featured_media":1289,"template":"","meta":[],"product_brand":[],"product_cat":[50],"product_tag":[],"class_list":{"0":"post-1283","1":"product","2":"type-product","3":"status-publish","4":"has-post-thumbnail","6":"product_cat-tuba-rak-me-presim","8":"first","9":"instock","10":"shipping-taxable","11":"product-type-simple"},"_links":{"self":[{"href":"https:\/\/lamthi.com\/index.php\/wp-json\/wp\/v2\/product\/1283","targetHints":{"allow":["GET"]}}],"collection":[{"href":"https:\/\/lamthi.com\/index.php\/wp-json\/wp\/v2\/product"}],"about":[{"href":"https:\/\/lamthi.com\/index.php\/wp-json\/wp\/v2\/types\/product"}],"wp:featuredmedia":[{"embeddable":true,"href":"https:\/\/lamthi.com\/index.php\/wp-json\/wp\/v2\/media\/1289"}],"wp:attachment":[{"href":"https:\/\/lamthi.com\/index.php\/wp-json\/wp\/v2\/media?parent=1283"}],"wp:term":[{"taxonomy":"product_brand","embeddable":true,"href":"https:\/\/lamthi.com\/index.php\/wp-json\/wp\/v2\/product_brand?post=1283"},{"taxonomy":"product_cat","embeddable":true,"href":"https:\/\/lamthi.com\/index.php\/wp-json\/wp\/v2\/product_cat?post=1283"},{"taxonomy":"product_tag","embeddable":true,"href":"https:\/\/lamthi.com\/index.php\/wp-json\/wp\/v2\/product_tag?post=1283"}],"curies":[{"name":"wp","href":"https:\/\/api.w.org\/{rel}","templated":true}]}}