{"id":1274,"date":"2018-06-28T08:10:09","date_gmt":"2018-06-28T08:10:09","guid":{"rendered":"https:\/\/lamthi.com\/?post_type=product&#038;p=1274"},"modified":"2018-06-28T09:49:52","modified_gmt":"2018-06-28T09:49:52","slug":"rakorderi-brryl","status":"publish","type":"product","link":"https:\/\/lamthi.com\/index.php\/product\/rakorderi-brryl\/","title":{"rendered":"Rakorderi (Brryl)"},"content":{"rendered":"","protected":false},"excerpt":{"rendered":"<ul>\n<li>Brryl\u00a0me presim<\/li>\n<li>Brryl m\/f me filetim<\/li>\n<li>Brryl me suport n\u00eb mur (fllanxh\u00eb)<\/li>\n<\/ul>\n<p>P\u00ebrdorimi: Impiante Hidro-Sanitare p\u00ebr furnizimin me uj\u00eb t\u00eb ngroht\u00eb \/ ftoht\u00eb dhe n\u00eb impiantet e ngrohje \/ ftohjes.<\/p>\n<p>Performanca:<\/p>\n<ul>\n<li><sub>tmax<\/sub> = +95\u00b0C<\/li>\n<li><sub>tmin<\/sub> = -20\u00b0C<\/li>\n<li>P<sub>max<\/sub> = 10bar<\/li>\n<\/ul>\n<p>Produkt i \u00c7ertifikuar sipas Standartit <strong>ISO 21003-3: 2008<\/strong> (Sistemet e tubacioneve me shum\u00eb shtresa p\u00ebr instalimin e ujit t\u00eb ngroht\u00eb dhe t\u00eb ftoht\u00eb n\u00eb nd\u00ebrtesa)<\/p>\n<p>Marka: <strong>GENERAL FITTINGS<\/strong><\/p>\n<p>Origjina: <strong>ITALI<\/strong><\/p>\n","protected":false},"featured_media":1275,"template":"","meta":[],"product_brand":[],"product_cat":[50],"product_tag":[],"class_list":{"0":"post-1274","1":"product","2":"type-product","3":"status-publish","4":"has-post-thumbnail","6":"product_cat-tuba-rak-me-presim","8":"first","9":"instock","10":"shipping-taxable","11":"product-type-simple"},"_links":{"self":[{"href":"https:\/\/lamthi.com\/index.php\/wp-json\/wp\/v2\/product\/1274","targetHints":{"allow":["GET"]}}],"collection":[{"href":"https:\/\/lamthi.com\/index.php\/wp-json\/wp\/v2\/product"}],"about":[{"href":"https:\/\/lamthi.com\/index.php\/wp-json\/wp\/v2\/types\/product"}],"wp:featuredmedia":[{"embeddable":true,"href":"https:\/\/lamthi.com\/index.php\/wp-json\/wp\/v2\/media\/1275"}],"wp:attachment":[{"href":"https:\/\/lamthi.com\/index.php\/wp-json\/wp\/v2\/media?parent=1274"}],"wp:term":[{"taxonomy":"product_brand","embeddable":true,"href":"https:\/\/lamthi.com\/index.php\/wp-json\/wp\/v2\/product_brand?post=1274"},{"taxonomy":"product_cat","embeddable":true,"href":"https:\/\/lamthi.com\/index.php\/wp-json\/wp\/v2\/product_cat?post=1274"},{"taxonomy":"product_tag","embeddable":true,"href":"https:\/\/lamthi.com\/index.php\/wp-json\/wp\/v2\/product_tag?post=1274"}],"curies":[{"name":"wp","href":"https:\/\/api.w.org\/{rel}","templated":true}]}}