{"id":659,"date":"2018-02-21T14:56:55","date_gmt":"2018-02-21T14:56:55","guid":{"rendered":"https:\/\/lamthi.com\/?page_id=659"},"modified":"2019-04-03T07:55:58","modified_gmt":"2019-04-03T07:55:58","slug":"kontakt","status":"publish","type":"page","link":"https:\/\/lamthi.com\/index.php\/kontakt\/","title":{"rendered":"Kontakt"},"content":{"rendered":"<div class=\"wpb-content-wrapper\"><p>[vc_row css_animation=&#8221;&#8221; row_type=&#8221;row&#8221; use_row_as_full_screen_section=&#8221;no&#8221; type=&#8221;full_width&#8221; angled_section=&#8221;no&#8221; text_align=&#8221;left&#8221; background_image_as_pattern=&#8221;without_pattern&#8221;][vc_column][vc_column_text]<\/p>\n<h4 style=\"text-align: center;\"><span style=\"color: #00588a;\"> Showroom Qendror Tiran\u00eb<\/span><\/h4>\n<p>[\/vc_column_text][vc_empty_space][vc_gmaps link=&#8221;#E-8_JTNDaWZyYW1lJTIwc3JjJTNEJTIyaHR0cHMlM0ElMkYlMkZ3d3cuZ29vZ2xlLmNvbSUyRm1hcHMlMkZlbWJlZCUzRnBiJTNEJTIxMW0xOCUyMTFtMTIlMjExbTMlMjExZDI5OTUuMDg2NDEwMTk1MTk0MyUyMTJkMTkuNzU0MzI1NzE1MDAwNzQ2JTIxM2Q0MS4zNTA0NzU1MDYyNDYzNCUyMTJtMyUyMTFmMCUyMTJmMCUyMTNmMCUyMTNtMiUyMTFpMTAyNCUyMTJpNzY4JTIxNGYxMy4xJTIxM20zJTIxMW0yJTIxMXMweDEzNTAyZTFmYWJlZDVkMDMlMjUzQTB4NmMxYTZlYTdmODc0NTNkYiUyMTJzTGFtdGhpJTJCR3JvdXAlMjE1ZTAlMjEzbTIlMjExc2VuJTIxMnMlMjE0djE1MjgyMDIwOTg2MDUlMjIlMjB3aWR0aCUzRCUyMjYwMCUyMiUyMGhlaWdodCUzRCUyMjQ1MCUyMiUyMGZyYW1lYm9yZGVyJTNEJTIyMCUyMiUyMHN0eWxlJTNEJTIyYm9yZGVyJTNBMCUyMiUyMGFsbG93ZnVsbHNjcmVlbiUzRSUzQyUyRmlmcmFtZSUzRQ==&#8221;][\/vc_column][\/vc_row][vc_row css_animation=&#8221;&#8221; row_type=&#8221;row&#8221; use_row_as_full_screen_section=&#8221;no&#8221; type=&#8221;full_width&#8221; angled_section=&#8221;no&#8221; text_align=&#8221;left&#8221; background_image_as_pattern=&#8221;without_pattern&#8221; css=&#8221;.vc_custom_1519224546442{margin-right: -2px !important;margin-left: 2px !important;background-color: #ffffff !important;}&#8221; z_index=&#8221;&#8221;][vc_column width=&#8221;1\/2&#8243;][vc_empty_space height=&#8221;60px&#8221;]<div class='q_icon_with_title tiny normal_icon '><div class=\"icon_holder q_icon_animation\" style=\" \"><span data-icon-type=\"normal\"  data-icon-hover-color=\"rgba(6,136,205,0.23)\" style=\"font-size: 37px;\" class=\"qode_iwt_icon_holder q_font_awsome_icon fa-lg  \"><i class=\"qodef-icon-dripicons dripicon dripicons-location qode_iwt_icon_element\" style=\"color: #0688cd;\" ><\/i><\/span><\/div><div class=\"icon_text_holder\" style=\"\"><div class=\"icon_text_inner\" style=\"\"><h5 class=\"icon_title\" style=\"\">AUTOSTRADA TIRAN\u00cb- DURR\u00cbS, KM 1, TIRAN\u00cb<\/h5><p style=''><\/p><\/div><\/div><\/div>[vc_empty_space]<div class='q_icon_with_title tiny normal_icon '><div class=\"icon_holder q_icon_animation\" style=\" \"><span data-icon-type=\"normal\"  data-icon-hover-color=\"rgba(6,136,205,0.23)\" style=\"font-size: 37px;\" class=\"qode_iwt_icon_holder q_font_awsome_icon fa-lg  \"><i class=\"qodef-icon-dripicons dripicon dripicons-phone qode_iwt_icon_element\" style=\"color: #0688cd;\" ><\/i><\/span><\/div><div class=\"icon_text_holder\" style=\"\"><div class=\"icon_text_inner\" style=\"\"><h5 class=\"icon_title\" style=\"\">Tel:+355 67 30 99 999<\/h5><p style=''><\/p><\/div><\/div><\/div>[vc_empty_space]<div class='q_icon_with_title tiny normal_icon '><div class=\"icon_holder q_icon_animation\" style=\" \"><span data-icon-type=\"normal\"  data-icon-hover-color=\"rgba(6,136,205,0.23)\" style=\"font-size: 37px;\" class=\"qode_iwt_icon_holder q_font_awsome_icon fa-lg  \"><i class=\"qodef-icon-dripicons dripicon dripicons-phone qode_iwt_icon_element\" style=\"color: #0688cd;\" ><\/i><\/span><\/div><div class=\"icon_text_holder\" style=\"\"><div class=\"icon_text_inner\" style=\"\"><h5 class=\"icon_title\" style=\"\">Tel: +355 68 39 88 216<\/h5><p style=''><\/p><\/div><\/div><\/div>[vc_empty_space]<div class='q_icon_with_title tiny normal_icon '><div class=\"icon_holder q_icon_animation\" style=\" \"><span data-icon-type=\"normal\"  data-icon-hover-color=\"rgba(6,136,205,0.23)\" style=\"font-size: 37px;\" class=\"qode_iwt_icon_holder q_font_awsome_icon fa-lg  \"><i class=\"qodef-icon-dripicons dripicon dripicons-mail qode_iwt_icon_element\" style=\"color: #0688cd;\" ><\/i><\/span><\/div><div class=\"icon_text_holder\" style=\"\"><div class=\"icon_text_inner\" style=\"\"><h5 class=\"icon_title\" style=\"\">info@lamthi.com<\/h5><p style=''><\/p><\/div><\/div><\/div>[\/vc_column][vc_column width=&#8221;1\/2&#8243; css=&#8221;.vc_custom_1519224069409{background-color: #ffffff !important;}&#8221;]\n<div class=\"wpcf7 no-js\" id=\"wpcf7-f77-o1\" lang=\"en-US\" dir=\"ltr\" data-wpcf7-id=\"77\">\n<div class=\"screen-reader-response\"><p role=\"status\" aria-live=\"polite\" aria-atomic=\"true\"><\/p> <ul><\/ul><\/div>\n<form action=\"\/index.php\/wp-json\/wp\/v2\/pages\/659#wpcf7-f77-o1\" method=\"post\" class=\"wpcf7-form init cf7_custom_style_3\" aria-label=\"Contact form\" novalidate=\"novalidate\" data-status=\"init\">\n<fieldset class=\"hidden-fields-container\"><input type=\"hidden\" name=\"_wpcf7\" value=\"77\" \/><input type=\"hidden\" name=\"_wpcf7_version\" value=\"6.1.4\" \/><input type=\"hidden\" name=\"_wpcf7_locale\" value=\"en_US\" \/><input type=\"hidden\" name=\"_wpcf7_unit_tag\" value=\"wpcf7-f77-o1\" \/><input type=\"hidden\" name=\"_wpcf7_container_post\" value=\"0\" \/><input type=\"hidden\" name=\"_wpcf7_posted_data_hash\" value=\"\" \/>\n<\/fieldset>\n<p><span class=\"wpcf7-form-control-wrap\" data-name=\"full-name\"><input size=\"40\" maxlength=\"400\" class=\"wpcf7-form-control wpcf7-text\" aria-invalid=\"false\" placeholder=\"Your Full Name\" value=\"\" type=\"text\" name=\"full-name\" \/><\/span>\n<\/p>\n<p><span class=\"wpcf7-form-control-wrap\" data-name=\"email\"><input size=\"40\" maxlength=\"400\" class=\"wpcf7-form-control wpcf7-email wpcf7-text wpcf7-validates-as-email\" aria-invalid=\"false\" placeholder=\"Your E-mail Address\" value=\"\" type=\"email\" name=\"email\" \/><\/span>\n<\/p>\n<p><span class=\"wpcf7-form-control-wrap\" data-name=\"message\"><textarea cols=\"40\" rows=\"10\" maxlength=\"2000\" class=\"wpcf7-form-control wpcf7-textarea\" aria-invalid=\"false\" placeholder=\"Write Your Message\" name=\"message\"><\/textarea><\/span>\n<\/p>\n<p><input class=\"wpcf7-form-control wpcf7-submit has-spinner\" type=\"submit\" value=\"Send Message\" \/>\n<\/p><p style=\"display: none !important;\" class=\"akismet-fields-container\" data-prefix=\"_wpcf7_ak_\"><label>&#916;<textarea name=\"_wpcf7_ak_hp_textarea\" cols=\"45\" rows=\"8\" maxlength=\"100\"><\/textarea><\/label><input type=\"hidden\" id=\"ak_js_1\" name=\"_wpcf7_ak_js\" value=\"93\"\/><script>document.getElementById( \"ak_js_1\" ).setAttribute( \"value\", ( new Date() ).getTime() );<\/script><\/p><div class=\"wpcf7-response-output\" aria-hidden=\"true\"><\/div>\n<\/form>\n<\/div>\n[\/vc_column][\/vc_row][vc_row css_animation=&#8221;&#8221; row_type=&#8221;row&#8221; use_row_as_full_screen_section=&#8221;no&#8221; type=&#8221;full_width&#8221; angled_section=&#8221;no&#8221; text_align=&#8221;left&#8221; background_image_as_pattern=&#8221;without_pattern&#8221;][vc_column][vc_empty_space height=&#8221;40px&#8221;][\/vc_column][\/vc_row][vc_row css_animation=&#8221;&#8221; row_type=&#8221;row&#8221; use_row_as_full_screen_section=&#8221;no&#8221; type=&#8221;full_width&#8221; angled_section=&#8221;no&#8221; text_align=&#8221;left&#8221; background_image_as_pattern=&#8221;without_pattern&#8221; css=&#8221;.vc_custom_1519224965373{margin-right: -4px !important;margin-left: 5px !important;background-color: #ffffff !important;}&#8221; z_index=&#8221;&#8221;][vc_column width=&#8221;1\/2&#8243;][vc_empty_space height=&#8221;50px&#8221;][vc_column_text]<\/p>\n<h4 style=\"text-align: center;\"><span style=\"color: #00588a;\"> Showroom Lezh\u00eb<\/span><\/h4>\n<p>[\/vc_column_text][vc_empty_space height=&#8221;50px&#8221;]<div class='q_icon_with_title tiny normal_icon '><div class=\"icon_holder q_icon_animation\" style=\" \"><span data-icon-type=\"normal\"  data-icon-hover-color=\"rgba(6,136,205,0.23)\" style=\"font-size: 37px;\" class=\"qode_iwt_icon_holder q_font_awsome_icon fa-lg  \"><i class=\"qodef-icon-dripicons dripicon dripicons-location qode_iwt_icon_element\" style=\"color: #0688cd;\" ><\/i><\/span><\/div><div class=\"icon_text_holder\" style=\"\"><div class=\"icon_text_inner\" style=\"\"><h5 class=\"icon_title\" style=\"\">AUTOSTRADA LEZH\u00cb- TIRAN\u00cb, KM 5, LEZH\u00cb<\/h5><p style=''><\/p><\/div><\/div><\/div>[vc_empty_space]<div class='q_icon_with_title tiny normal_icon '><div class=\"icon_holder q_icon_animation\" style=\" \"><span data-icon-type=\"normal\"  data-icon-hover-color=\"rgba(6,136,205,0.23)\" style=\"font-size: 37px;\" class=\"qode_iwt_icon_holder q_font_awsome_icon fa-lg  \"><i class=\"qodef-icon-dripicons dripicon dripicons-phone qode_iwt_icon_element\" style=\"color: #0688cd;\" ><\/i><\/span><\/div><div class=\"icon_text_holder\" style=\"\"><div class=\"icon_text_inner\" style=\"\"><h5 class=\"icon_title\" style=\"\">Tel:+355 67 30 99 999<\/h5><p style=''><\/p><\/div><\/div><\/div>[vc_empty_space]<div class='q_icon_with_title tiny normal_icon '><div class=\"icon_holder q_icon_animation\" style=\" \"><span data-icon-type=\"normal\"  data-icon-hover-color=\"rgba(6,136,205,0.23)\" style=\"font-size: 37px;\" class=\"qode_iwt_icon_holder q_font_awsome_icon fa-lg  \"><i class=\"qodef-icon-dripicons dripicon dripicons-phone qode_iwt_icon_element\" style=\"color: #0688cd;\" ><\/i><\/span><\/div><div class=\"icon_text_holder\" style=\"\"><div class=\"icon_text_inner\" style=\"\"><h5 class=\"icon_title\" style=\"\">Tel: +355 67 40 00 017<\/h5><p style=''><\/p><\/div><\/div><\/div>[vc_empty_space]<div class='q_icon_with_title tiny normal_icon '><div class=\"icon_holder q_icon_animation\" style=\" \"><span data-icon-type=\"normal\"  data-icon-hover-color=\"rgba(6,136,205,0.23)\" style=\"font-size: 37px;\" class=\"qode_iwt_icon_holder q_font_awsome_icon fa-lg  \"><i class=\"qodef-icon-dripicons dripicon dripicons-mail qode_iwt_icon_element\" style=\"color: #0688cd;\" ><\/i><\/span><\/div><div class=\"icon_text_holder\" style=\"\"><div class=\"icon_text_inner\" style=\"\"><h5 class=\"icon_title\" style=\"\">info@lamthi.com<\/h5><p style=''><\/p><\/div><\/div><\/div>[vc_empty_space][\/vc_column][vc_column width=&#8221;1\/2&#8243;][vc_gmaps link=&#8221;#E-8_JTBBJTNDaWZyYW1lJTIwc3JjJTNEJTIyaHR0cHMlM0ElMkYlMkZ3d3cuZ29vZ2xlLmNvbSUyRm1hcHMlMkZlbWJlZCUzRnBiJTNEJTIxMW0xOCUyMTFtMTIlMjExbTMlMjExZDE3MzM2LjM5OTM2NzIyNTQ1JTIxMmQxOS42NDQ3NzYwMDkzMzkxMzYlMjEzZDQxLjczMjg5OTkyNDA1MDk3JTIxMm0zJTIxMWYwJTIxMmYwJTIxM2YwJTIxM20yJTIxMWkxMDI0JTIxMmk3NjglMjE0ZjEzLjElMjEzbTMlMjExbTIlMjExczB4MTM1MWRlN2QwMDFiYTJmZCUyNTNBMHg4MDIxY2JmMGNjZTQ0NTMxJTIxMnNMYW10aGklMkJCdXNpbmVzcyUyQnNoLnAuayUyMTVlMCUyMTNtMiUyMTFzZW4lMjEycyUyMTR2MTUyMTgxOTMzMjM3OCUyMiUyMHdpZHRoJTNEJTIyNjIwJTIyJTIwaGVpZ2h0JTNEJTIyNDM4JTIyJTIwZnJhbWVib3JkZXIlM0QlMjIwJTIyJTIwc3R5bGUlM0QlMjJib3JkZXIlM0EwJTIyJTIwYWxsb3dmdWxsc2NyZWVuJTNFJTNDJTJGaWZyYW1lJTNF&#8221;][\/vc_column][\/vc_row][vc_row css_animation=&#8221;&#8221; row_type=&#8221;row&#8221; use_row_as_full_screen_section=&#8221;no&#8221; type=&#8221;full_width&#8221; angled_section=&#8221;no&#8221; text_align=&#8221;left&#8221; background_image_as_pattern=&#8221;without_pattern&#8221;][vc_column][vc_empty_space height=&#8221;40px&#8221;][\/vc_column][\/vc_row][vc_row css_animation=&#8221;&#8221; row_type=&#8221;row&#8221; use_row_as_full_screen_section=&#8221;no&#8221; type=&#8221;full_width&#8221; angled_section=&#8221;no&#8221; text_align=&#8221;left&#8221; background_image_as_pattern=&#8221;without_pattern&#8221; css=&#8221;.vc_custom_1519224965373{margin-right: -4px !important;margin-left: 5px !important;background-color: #ffffff !important;}&#8221; z_index=&#8221;&#8221;][vc_column width=&#8221;1\/2&#8243;][vc_gmaps link=&#8221;#E-8_JTNDaWZyYW1lJTIwc3JjJTNEJTIyaHR0cHMlM0ElMkYlMkZ3d3cuZ29vZ2xlLmNvbSUyRm1hcHMlMkZlbWJlZCUzRnBiJTNEJTIxMW0xOCUyMTFtMTIlMjExbTMlMjExZDI3OTkuNzYyMzU1NTAwNzMxNyUyMTJkMTEuMDQwMTk3OTE1MTQwNzYyJTIxM2Q0NS40MzQyOTE2NDM0NjAzODQlMjEybTMlMjExZjAlMjEyZjAlMjEzZjAlMjEzbTIlMjExaTEwMjQlMjEyaTc2OCUyMTRmMTMuMSUyMTNtMyUyMTFtMiUyMTFzMHg0NzdmNWVjNjM4ZThhODY1JTI1M0EweDM5NzcwMjA2OGM1YTg0YjIlMjEyc1ZpYSUyQkFudG9uaW8lMkJOaWNoZXNvbGElMjUyQyUyQjEzJTI1MkMlMkIzNzEzMiUyQlZlcm9uYSUyQlZSJTI1MkMlMkJJdGFseSUyMTVlMCUyMTNtMiUyMTFzZW4lMjEycyUyMTR2MTUyMTgxOTU5MjYzOSUyMiUyMHdpZHRoJTNEJTIyNjIwJTIyJTIwaGVpZ2h0JTNEJTIyNDM4JTIyJTIwZnJhbWVib3JkZXIlM0QlMjIwJTIyJTIwc3R5bGUlM0QlMjJib3JkZXIlM0EwJTIyJTIwYWxsb3dmdWxsc2NyZWVuJTNFJTNDJTJGaWZyYW1lJTNF&#8221;][\/vc_column][vc_column width=&#8221;1\/2&#8243;][vc_empty_space height=&#8221;50px&#8221;][vc_column_text]<\/p>\n<h4 style=\"text-align: center;\"><span style=\"color: #00588a;\">Itali<\/span><\/h4>\n<p>[\/vc_column_text][vc_empty_space height=&#8221;50px&#8221;]<div class='q_icon_with_title tiny normal_icon '><div class=\"icon_holder q_icon_animation\" style=\" \"><span data-icon-type=\"normal\"  data-icon-hover-color=\"rgba(6,136,205,0.23)\" style=\"font-size: 37px;\" class=\"qode_iwt_icon_holder q_font_awsome_icon fa-lg  \"><i class=\"qodef-icon-dripicons dripicon dripicons-location qode_iwt_icon_element\" style=\"color: #0688cd;\" ><\/i><\/span><\/div><div class=\"icon_text_holder\" style=\"\"><div class=\"icon_text_inner\" style=\"\"><h5 class=\"icon_title\" style=\"\">VIA TORICELLI 6, VERONA, ITALY<\/h5><p style=''><\/p><\/div><\/div><\/div>[vc_empty_space][vc_empty_space]<div class='q_icon_with_title tiny normal_icon '><div class=\"icon_holder q_icon_animation\" style=\" \"><span data-icon-type=\"normal\"  data-icon-hover-color=\"rgba(6,136,205,0.23)\" style=\"font-size: 37px;\" class=\"qode_iwt_icon_holder q_font_awsome_icon fa-lg  \"><i class=\"qodef-icon-dripicons dripicon dripicons-phone qode_iwt_icon_element\" style=\"color: #0688cd;\" ><\/i><\/span><\/div><div class=\"icon_text_holder\" style=\"\"><div class=\"icon_text_inner\" style=\"\"><h5 class=\"icon_title\" style=\"\">Tel: +39 3392015359<\/h5><p style=''><\/p><\/div><\/div><\/div>[vc_empty_space]<div class='q_icon_with_title tiny normal_icon '><div class=\"icon_holder q_icon_animation\" style=\" \"><span data-icon-type=\"normal\"  data-icon-hover-color=\"rgba(6,136,205,0.23)\" style=\"font-size: 37px;\" class=\"qode_iwt_icon_holder q_font_awsome_icon fa-lg  \"><i class=\"qodef-icon-dripicons dripicon dripicons-mail qode_iwt_icon_element\" style=\"color: #0688cd;\" ><\/i><\/span><\/div><div class=\"icon_text_holder\" style=\"\"><div class=\"icon_text_inner\" style=\"\"><h5 class=\"icon_title\" style=\"\">info@lamthi.com<\/h5><p style=''><\/p><\/div><\/div><\/div>[vc_empty_space][\/vc_column][\/vc_row]<\/p>\n<\/div>","protected":false},"excerpt":{"rendered":"<p>[vc_row css_animation=&#8221;&#8221; row_type=&#8221;row&#8221; use_row_as_full_screen_section=&#8221;no&#8221; type=&#8221;full_width&#8221; angled_section=&#8221;no&#8221; text_align=&#8221;left&#8221; background_image_as_pattern=&#8221;without_pattern&#8221;][vc_column][vc_column_text] Showroom Qendror Tiran\u00eb [\/vc_column_text][vc_empty_space][vc_gmaps link=&#8221;#E-8_JTNDaWZyYW1lJTIwc3JjJTNEJTIyaHR0cHMlM0ElMkYlMkZ3d3cuZ29vZ2xlLmNvbSUyRm1hcHMlMkZlbWJlZCUzRnBiJTNEJTIxMW0xOCUyMTFtMTIlMjExbTMlMjExZDI5OTUuMDg2NDEwMTk1MTk0MyUyMTJkMTkuNzU0MzI1NzE1MDAwNzQ2JTIxM2Q0MS4zNTA0NzU1MDYyNDYzNCUyMTJtMyUyMTFmMCUyMTJmMCUyMTNmMCUyMTNtMiUyMTFpMTAyNCUyMTJpNzY4JTIxNGYxMy4xJTIxM20zJTIxMW0yJTIxMXMweDEzNTAyZTFmYWJlZDVkMDMlMjUzQTB4NmMxYTZlYTdmODc0NTNkYiUyMTJzTGFtdGhpJTJCR3JvdXAlMjE1ZTAlMjEzbTIlMjExc2VuJTIxMnMlMjE0djE1MjgyMDIwOTg2MDUlMjIlMjB3aWR0aCUzRCUyMjYwMCUyMiUyMGhlaWdodCUzRCUyMjQ1MCUyMiUyMGZyYW1lYm9yZGVyJTNEJTIyMCUyMiUyMHN0eWxlJTNEJTIyYm9yZGVyJTNBMCUyMiUyMGFsbG93ZnVsbHNjcmVlbiUzRSUzQyUyRmlmcmFtZSUzRQ==&#8221;][\/vc_column][\/vc_row][vc_row css_animation=&#8221;&#8221; row_type=&#8221;row&#8221; use_row_as_full_screen_section=&#8221;no&#8221; type=&#8221;full_width&#8221; angled_section=&#8221;no&#8221; text_align=&#8221;left&#8221; background_image_as_pattern=&#8221;without_pattern&#8221; css=&#8221;.vc_custom_1519224546442{margin-right: -2px !important;margin-left: 2px !important;background-color: #ffffff !important;}&#8221; z_index=&#8221;&#8221;][vc_column width=&#8221;1\/2&#8243;][vc_empty_space height=&#8221;60px&#8221;][vc_empty_space][vc_empty_space][vc_empty_space][\/vc_column][vc_column width=&#8221;1\/2&#8243; css=&#8221;.vc_custom_1519224069409{background-color: #ffffff !important;}&#8221;][\/vc_column][\/vc_row][vc_row css_animation=&#8221;&#8221; row_type=&#8221;row&#8221; use_row_as_full_screen_section=&#8221;no&#8221; type=&#8221;full_width&#8221; angled_section=&#8221;no&#8221; text_align=&#8221;left&#8221; background_image_as_pattern=&#8221;without_pattern&#8221;][vc_column][vc_empty_space height=&#8221;40px&#8221;][\/vc_column][\/vc_row][vc_row css_animation=&#8221;&#8221; row_type=&#8221;row&#8221; use_row_as_full_screen_section=&#8221;no&#8221;&#8230;<\/p>\n","protected":false},"author":3,"featured_media":0,"parent":0,"menu_order":0,"comment_status":"closed","ping_status":"closed","template":"","meta":{"footnotes":""},"class_list":["post-659","page","type-page","status-publish","hentry"],"_links":{"self":[{"href":"https:\/\/lamthi.com\/index.php\/wp-json\/wp\/v2\/pages\/659","targetHints":{"allow":["GET"]}}],"collection":[{"href":"https:\/\/lamthi.com\/index.php\/wp-json\/wp\/v2\/pages"}],"about":[{"href":"https:\/\/lamthi.com\/index.php\/wp-json\/wp\/v2\/types\/page"}],"author":[{"embeddable":true,"href":"https:\/\/lamthi.com\/index.php\/wp-json\/wp\/v2\/users\/3"}],"replies":[{"embeddable":true,"href":"https:\/\/lamthi.com\/index.php\/wp-json\/wp\/v2\/comments?post=659"}],"version-history":[{"count":105,"href":"https:\/\/lamthi.com\/index.php\/wp-json\/wp\/v2\/pages\/659\/revisions"}],"predecessor-version":[{"id":1303,"href":"https:\/\/lamthi.com\/index.php\/wp-json\/wp\/v2\/pages\/659\/revisions\/1303"}],"wp:attachment":[{"href":"https:\/\/lamthi.com\/index.php\/wp-json\/wp\/v2\/media?parent=659"}],"curies":[{"name":"wp","href":"https:\/\/api.w.org\/{rel}","templated":true}]}}